{"id":55,"date":"2016-11-11T08:38:26","date_gmt":"2016-11-11T08:38:26","guid":{"rendered":"http:\/\/rabbit.agentur-kreuzinger.com\/?page_id=2"},"modified":"2021-05-11T09:14:29","modified_gmt":"2021-05-11T09:14:29","slug":"sample-page-2","status":"publish","type":"page","link":"https:\/\/hgb-mbh.de\/","title":{"rendered":"Startseite"},"content":{"rendered":"<p>[vc_row full_width=&#8220;stretch_row&#8220; full_width_row=&#8220;true&#8220; bg_type=&#8220;bg_color&#8220; bg_color_value=&#8220;#ffffff&#8220; anchor=&#8220;unternehmen&#8220; css=&#8220;.vc_custom_1569938077017{margin-top: 0px !important;background-color: #ffffff !important;}&#8220;][vc_column][vc_empty_space height=&#8220;1&#8243;][\/vc_column][\/vc_row][vc_row full_width=&#8220;stretch_row&#8220; full_width_row=&#8220;true&#8220; bg_type=&#8220;bg_color&#8220; bg_color_value=&#8220;#ffffff&#8220; anchor=&#8220;marken&#8220; css=&#8220;.vc_custom_1506513333617{margin-top: 50px !important;background-color: #ffffff !important;}&#8220;][vc_column][vc_column_text]<\/p>\n<h1 style=\"text-align: center;\">Das Unternehmen<\/h1>\n<p>[\/vc_column_text][\/vc_column][\/vc_row][vc_row type=&#8220;vc_default&#8220; css=&#8220;.vc_custom_1561645412308{padding-bottom: 50px !important;}&#8220;][vc_column width=&#8220;1\/2&#8243;][vc_column_text]Die Haus- und Grundst\u00fccksbetreuungsgesellschaft mbH hat sich spezialisiert auf die umfassende Betreuung und Pflege von G\u00e4rten und Gr\u00fcnanlagen. Diese Leistungen bieten wir nicht nur f\u00fcr private Anlagen, sondern auch f\u00fcr Wohnanlagen an. Zu unserem umfangreichen Leistungsangebot geh\u00f6ren auch der Hausmeisterdienst mit der technischen Betreuung der Objekte und selbstverst\u00e4ndlich die Reinigung von Treppen und der Winterdienst.[\/vc_column_text][\/vc_column][vc_column width=&#8220;1\/2&#8243;][vc_column_text]Gerne helfen wir auch bei der Gestaltung der G\u00e4rten und bei der Planung und Installation von Gartenbew\u00e4sserungen.<\/p>\n<p>Sie w\u00fcnschen ein kostenloses Angebot oder eine Beratung? <strong>Rufen Sie an oder senden Sie eine eMail.<\/strong>[\/vc_column_text][\/vc_column][\/vc_row][vc_row type=&#8220;vc_default&#8220; css=&#8220;.vc_custom_1561645412308{padding-bottom: 50px !important;}&#8220;][vc_column width=&#8220;1\/3&#8243;][vc_icon icon_fontawesome=&#8220;fa fa-flag&#8220; color=&#8220;custom&#8220; size=&#8220;xl&#8220; align=&#8220;center&#8220; custom_color=&#8220;#fc8f01&#8243;][vc_column_text]<\/p>\n<h2 style=\"text-align: center;\">Im S\u00fcden Berlins<\/h2>\n<p>[\/vc_column_text][\/vc_column][vc_column width=&#8220;1\/3&#8243;][vc_icon icon_fontawesome=&#8220;fa fa-users&#8220; color=&#8220;custom&#8220; size=&#8220;xl&#8220; align=&#8220;center&#8220; custom_color=&#8220;#fc8f01&#8243;][vc_column_text]<\/p>\n<h2 style=\"text-align: center;\">qualifizierte<\/h2>\n<h2 style=\"text-align: center;\">Mitarbeiter<\/h2>\n<p>[\/vc_column_text][\/vc_column][vc_column width=&#8220;1\/3&#8243;][vc_icon icon_fontawesome=&#8220;fa fa-star&#8220; color=&#8220;custom&#8220; size=&#8220;xl&#8220; align=&#8220;center&#8220; custom_color=&#8220;#fc8f01&#8243;][vc_column_text]<\/p>\n<h2 style=\"text-align: center;\">Seit mehr als 10 Jahren<\/h2>\n<p>[\/vc_column_text][\/vc_column][\/vc_row][vc_row type=&#8220;vc_default&#8220; full_width=&#8220;stretch_row&#8220; full_width_row=&#8220;true&#8220; bg_type=&#8220;image&#8220; parallax_style=&#8220;vcpb-default&#8220; bg_image_new=&#8220;id^563|url^http:\/\/neu.hgb-mbh.de\/wp-content\/uploads\/2019\/10\/shutterstock_395808325.jpg|caption^null|alt^null|title^shutterstock_395808325|description^null&#8220; bg_image_repeat=&#8220;no-repeat&#8220; bg_img_attach=&#8220;fixed&#8220; css=&#8220;.vc_custom_1570712907112{margin-top: 0px !important;margin-right: 0px !important;margin-bottom: 0px !important;margin-left: 0px !important;border-top-width: 0px !important;border-right-width: 0px !important;border-bottom-width: 0px !important;border-left-width: 0px !important;padding-top: 0px !important;padding-right: 0px !important;padding-bottom: 0px !important;padding-left: 0px !important;background-color: #ffffff !important;}&#8220; min_height=&#8220;30&#8243;][vc_column css=&#8220;.vc_custom_1561639157367{margin-right: 0px !important;margin-bottom: 0px !important;margin-left: 0px !important;border-top-width: 0px !important;border-right-width: 0px !important;border-bottom-width: 0px !important;border-left-width: 0px !important;padding-top: 0px !important;padding-right: 0px !important;padding-bottom: 0px !important;padding-left: 0px !important;}&#8220;][vc_empty_space height=&#8220;200px&#8220;][\/vc_column][\/vc_row][vc_row full_width=&#8220;stretch_row&#8220; full_width_row=&#8220;true&#8220; bg_type=&#8220;bg_color&#8220; bg_color_value=&#8220;#ffffff&#8220; anchor=&#8220;leistungen&#8220; css=&#8220;.vc_custom_1569938027026{margin-top: 0px !important;margin-right: 0px !important;margin-bottom: 0px !important;margin-left: 0px !important;border-top-width: 0px !important;border-right-width: 0px !important;border-bottom-width: 0px !important;border-left-width: 0px !important;padding-top: 0px !important;padding-right: 0px !important;padding-bottom: 0px !important;padding-left: 0px !important;background-color: #ffffff !important;}&#8220;][vc_column css=&#8220;.vc_custom_1561639197367{margin-top: 0px !important;margin-right: 0px !important;margin-bottom: 0px !important;margin-left: 0px !important;border-top-width: 0px !important;border-right-width: 0px !important;border-bottom-width: 0px !important;border-left-width: 0px !important;padding-top: 0px !important;padding-right: 0px !important;padding-bottom: 0px !important;padding-left: 0px !important;}&#8220;][vc_empty_space height=&#8220;1&#8243; css=&#8220;.vc_custom_1561639209027{margin-top: 0px !important;margin-right: 0px !important;margin-bottom: 0px !important;margin-left: 0px !important;border-top-width: 0px !important;border-right-width: 0px !important;border-bottom-width: 0px !important;border-left-width: 0px !important;padding-top: 0px !important;padding-right: 0px !important;padding-bottom: 0px !important;padding-left: 0px !important;}&#8220;][\/vc_column][\/vc_row][vc_row type=&#8220;vc_default&#8220; full_width=&#8220;stretch_row&#8220; full_width_row=&#8220;true&#8220; bg_type=&#8220;bg_color&#8220; bg_color_value=&#8220;#ffffff&#8220; anchor=&#8220;marken&#8220; css=&#8220;.vc_custom_1569937365471{margin-top: 50px !important;background-color: #ffffff !important;}&#8220;][vc_column][vc_column_text]<\/p>\n<h1 style=\"text-align: center;\">Von der Pflege eines Privatanwesen bis zur Betreuung von Wohnanlagen<\/h1>\n<p>[\/vc_column_text][\/vc_column][\/vc_row][vc_row type=&#8220;vc_default&#8220; css=&#8220;.vc_custom_1569937842975{margin-top: 0px !important;margin-right: 0px !important;margin-bottom: 0px !important;margin-left: 0px !important;border-top-width: 0px !important;border-right-width: 0px !important;border-bottom-width: 0px !important;border-left-width: 0px !important;padding-top: 0px !important;padding-right: 0px !important;padding-bottom: 50px !important;padding-left: 0px !important;}&#8220;][vc_column width=&#8220;1\/2&#8243;]<div class=\"uavc-list-icon uavc-list-icon-wrapper ult-adjust-bottom-margin   \"><ul class=\"uavc-list\"><li><div class=\"uavc-list-content\" id=\"list-icon-wrap-7762\">\n<div class=\"uavc-list-icon  \" data-animation=\"\" data-animation-delay=\"03\" style=\"margin-right:5px;\"><div class=\"ult-just-icon-wrapper  \"><div class=\"align-icon\" style=\"text-align:center;\">\n<div class=\"aio-icon none \"  style=\"color:#fc8f01;font-size:15px;display:inline-block;\">\n\t<i class=\"Defaults-check\"><\/i>\n<\/div><\/div><\/div>\n<\/div><span  data-ultimate-target='#list-icon-wrap-7762 .uavc-list-desc'  data-responsive-json-new='{\"font-size\":\"desktop:18px;\",\"line-height\":\"\"}'  class=\"uavc-list-desc ult-responsive\" style=\"\">Gartenpflege<\/span><\/div><\/li><li><div class=\"uavc-list-content\" id=\"list-icon-wrap-5221\">\n<div class=\"uavc-list-icon  \" data-animation=\"\" data-animation-delay=\"03\" style=\"margin-right:5px;\"><div class=\"ult-just-icon-wrapper  \"><div class=\"align-icon\" style=\"text-align:center;\">\n<div class=\"aio-icon none \"  style=\"color:#fc8f01;font-size:15px;display:inline-block;\">\n\t<i class=\"Defaults-check\"><\/i>\n<\/div><\/div><\/div>\n<\/div><span  data-ultimate-target='#list-icon-wrap-5221 .uavc-list-desc'  data-responsive-json-new='{\"font-size\":\"\",\"line-height\":\"\"}'  class=\"uavc-list-desc ult-responsive\" style=\"\">Hausmeisterservice<\/span><\/div><\/li><li><div class=\"uavc-list-content\" id=\"list-icon-wrap-5350\">\n<div class=\"uavc-list-icon  \" data-animation=\"\" data-animation-delay=\"03\" style=\"margin-right:5px;\"><div class=\"ult-just-icon-wrapper  \"><div class=\"align-icon\" style=\"text-align:center;\">\n<div class=\"aio-icon none \"  style=\"color:#fc8f01;font-size:15px;display:inline-block;\">\n\t<i class=\"Defaults-check\"><\/i>\n<\/div><\/div><\/div>\n<\/div><span  data-ultimate-target='#list-icon-wrap-5350 .uavc-list-desc'  data-responsive-json-new='{\"font-size\":\"\",\"line-height\":\"\"}'  class=\"uavc-list-desc ult-responsive\" style=\"\">Fassadenreinigung<\/span><\/div><\/li><\/ul><\/div>[\/vc_column][vc_column width=&#8220;1\/2&#8243;]<div class=\"uavc-list-icon uavc-list-icon-wrapper ult-adjust-bottom-margin   \"><ul class=\"uavc-list\"><li><div class=\"uavc-list-content\" id=\"list-icon-wrap-5366\">\n<div class=\"uavc-list-icon  \" data-animation=\"\" data-animation-delay=\"03\" style=\"margin-right:5px;\"><div class=\"ult-just-icon-wrapper  \"><div class=\"align-icon\" style=\"text-align:center;\">\n<div class=\"aio-icon none \"  style=\"color:#fc8f01;font-size:15px;display:inline-block;\">\n\t<i class=\"Defaults-check\"><\/i>\n<\/div><\/div><\/div>\n<\/div><span  data-ultimate-target='#list-icon-wrap-5366 .uavc-list-desc'  data-responsive-json-new='{\"font-size\":\"\",\"line-height\":\"\"}'  class=\"uavc-list-desc ult-responsive\" style=\"\">Reinigung von Dachrinnen<\/span><\/div><\/li><li><div class=\"uavc-list-content\" id=\"list-icon-wrap-1798\">\n<div class=\"uavc-list-icon  \" data-animation=\"\" data-animation-delay=\"03\" style=\"margin-right:5px;\"><div class=\"ult-just-icon-wrapper  \"><div class=\"align-icon\" style=\"text-align:center;\">\n<div class=\"aio-icon none \"  style=\"color:#fc8f01;font-size:15px;display:inline-block;\">\n\t<i class=\"Defaults-check\"><\/i>\n<\/div><\/div><\/div>\n<\/div><span  data-ultimate-target='#list-icon-wrap-1798 .uavc-list-desc'  data-responsive-json-new='{\"font-size\":\"\",\"line-height\":\"\"}'  class=\"uavc-list-desc ult-responsive\" style=\"\">Herbstdienst<\/span><\/div><\/li><li><div class=\"uavc-list-content\" id=\"list-icon-wrap-4170\">\n<div class=\"uavc-list-icon  \" data-animation=\"\" data-animation-delay=\"03\" style=\"margin-right:5px;\"><div class=\"ult-just-icon-wrapper  \"><div class=\"align-icon\" style=\"text-align:center;\">\n<div class=\"aio-icon none \"  style=\"color:#fc8f01;font-size:15px;display:inline-block;\">\n\t<i class=\"Defaults-check\"><\/i>\n<\/div><\/div><\/div>\n<\/div><span  data-ultimate-target='#list-icon-wrap-4170 .uavc-list-desc'  data-responsive-json-new='{\"font-size\":\"\",\"line-height\":\"\"}'  class=\"uavc-list-desc ult-responsive\" style=\"\">Winterdienst<\/span><\/div><\/li><\/ul><\/div>[\/vc_column][\/vc_row][vc_row type=&#8220;vc_default&#8220; full_width=&#8220;stretch_row&#8220; full_width_row=&#8220;true&#8220; bg_type=&#8220;image&#8220; parallax_style=&#8220;vcpb-default&#8220; bg_image_new=&#8220;id^563|url^http:\/\/neu.hgb-mbh.de\/wp-content\/uploads\/2019\/10\/shutterstock_395808325.jpg|caption^null|alt^null|title^shutterstock_395808325|description^null&#8220; bg_image_repeat=&#8220;no-repeat&#8220; bg_img_attach=&#8220;fixed&#8220; css=&#8220;.vc_custom_1570712927011{margin-top: 0px !important;margin-right: 0px !important;margin-bottom: 0px !important;margin-left: 0px !important;border-top-width: 0px !important;border-right-width: 0px !important;border-bottom-width: 0px !important;border-left-width: 0px !important;padding-top: 0px !important;padding-right: 0px !important;padding-bottom: 0px !important;padding-left: 0px !important;background-color: #ffffff !important;}&#8220; min_height=&#8220;30&#8243;][vc_column css=&#8220;.vc_custom_1561639157367{margin-right: 0px !important;margin-bottom: 0px !important;margin-left: 0px !important;border-top-width: 0px !important;border-right-width: 0px !important;border-bottom-width: 0px !important;border-left-width: 0px !important;padding-top: 0px !important;padding-right: 0px !important;padding-bottom: 0px !important;padding-left: 0px !important;}&#8220;][vc_empty_space height=&#8220;200px&#8220;][\/vc_column][\/vc_row][vc_row full_width=&#8220;stretch_row&#8220; full_width_row=&#8220;true&#8220; bg_type=&#8220;bg_color&#8220; bg_color_value=&#8220;#ffffff&#8220; anchor=&#8220;anfrage&#8220; css=&#8220;.vc_custom_1569938960220{margin-top: 0px !important;margin-right: 0px !important;margin-bottom: 0px !important;margin-left: 0px !important;border-top-width: 0px !important;border-right-width: 0px !important;border-bottom-width: 0px !important;border-left-width: 0px !important;padding-top: 0px !important;padding-right: 0px !important;padding-bottom: 0px !important;padding-left: 0px !important;background-color: #ffffff !important;}&#8220;][vc_column css=&#8220;.vc_custom_1561639197367{margin-top: 0px !important;margin-right: 0px !important;margin-bottom: 0px !important;margin-left: 0px !important;border-top-width: 0px !important;border-right-width: 0px !important;border-bottom-width: 0px !important;border-left-width: 0px !important;padding-top: 0px !important;padding-right: 0px !important;padding-bottom: 0px !important;padding-left: 0px !important;}&#8220;][vc_empty_space height=&#8220;1&#8243; css=&#8220;.vc_custom_1561639209027{margin-top: 0px !important;margin-right: 0px !important;margin-bottom: 0px !important;margin-left: 0px !important;border-top-width: 0px !important;border-right-width: 0px !important;border-bottom-width: 0px !important;border-left-width: 0px !important;padding-top: 0px !important;padding-right: 0px !important;padding-bottom: 0px !important;padding-left: 0px !important;}&#8220;][\/vc_column][\/vc_row][vc_row type=&#8220;vc_default&#8220; full_width=&#8220;stretch_row&#8220; css=&#8220;.vc_custom_1569937787302{padding-bottom: 50px !important;}&#8220;][vc_column][vc_column_text css=&#8220;.vc_custom_1569937776709{padding-top: 40px !important;}&#8220;]<\/p>\n<h1 style=\"text-align: center;\">Ich w\u00fcnsche ein kostenloses und unverbindliches Angebot oder eine Beratung.<\/h1>\n<p>[\/vc_column_text][vc_column_text]<\/p>\n<h3 style=\"text-align: center;\">Rufen Sie uns an:\u00a0<span class=\"menu-item-text\"><span class=\"menu-text\">03329 \/ 690 739 0<\/span><\/span><\/h3>\n<h3 style=\"text-align: center;\">oder schreiben Sie uns: <a href=\"mailto:service@hgb-mbh.de\">service@hgb-mbh.de<\/a><\/h3>\n<h3 style=\"text-align: center;\">Wir freuen uns auf Ihre Anfrage!<\/h3>\n<p>[\/vc_column_text][\/vc_column][\/vc_row][vc_row type=&#8220;vc_default&#8220; full_width=&#8220;stretch_row&#8220; full_width_row=&#8220;true&#8220; bg_type=&#8220;image&#8220; parallax_style=&#8220;vcpb-default&#8220; bg_image_new=&#8220;id^563|url^http:\/\/neu.hgb-mbh.de\/wp-content\/uploads\/2019\/10\/shutterstock_395808325.jpg|caption^null|alt^null|title^shutterstock_395808325|description^null&#8220; bg_image_repeat=&#8220;no-repeat&#8220; bg_img_attach=&#8220;fixed&#8220; css=&#8220;.vc_custom_1570712939731{margin-top: 0px !important;margin-right: 0px !important;margin-bottom: 0px !important;margin-left: 0px !important;border-top-width: 0px !important;border-right-width: 0px !important;border-bottom-width: 0px !important;border-left-width: 0px !important;padding-top: 0px !important;padding-right: 0px !important;padding-bottom: 0px !important;padding-left: 0px !important;background-color: #ffffff !important;}&#8220; min_height=&#8220;30&#8243;][vc_column css=&#8220;.vc_custom_1561639157367{margin-right: 0px !important;margin-bottom: 0px !important;margin-left: 0px !important;border-top-width: 0px !important;border-right-width: 0px !important;border-bottom-width: 0px !important;border-left-width: 0px !important;padding-top: 0px !important;padding-right: 0px !important;padding-bottom: 0px !important;padding-left: 0px !important;}&#8220;][vc_empty_space height=&#8220;200px&#8220;][\/vc_column][\/vc_row][vc_row full_width=&#8220;stretch_row&#8220; full_width_row=&#8220;true&#8220; bg_type=&#8220;bg_color&#8220; bg_color_value=&#8220;#ffffff&#8220; anchor=&#8220;kontakt&#8220; css=&#8220;.vc_custom_1569938814811{margin-top: 0px !important;margin-right: 0px !important;margin-bottom: 0px !important;margin-left: 0px !important;border-top-width: 0px !important;border-right-width: 0px !important;border-bottom-width: 0px !important;border-left-width: 0px !important;padding-top: 0px !important;padding-right: 0px !important;padding-bottom: 0px !important;padding-left: 0px !important;background-color: #ffffff !important;}&#8220;][vc_column css=&#8220;.vc_custom_1561639197367{margin-top: 0px !important;margin-right: 0px !important;margin-bottom: 0px !important;margin-left: 0px !important;border-top-width: 0px !important;border-right-width: 0px !important;border-bottom-width: 0px !important;border-left-width: 0px !important;padding-top: 0px !important;padding-right: 0px !important;padding-bottom: 0px !important;padding-left: 0px !important;}&#8220;][vc_empty_space height=&#8220;1&#8243; css=&#8220;.vc_custom_1561639209027{margin-top: 0px !important;margin-right: 0px !important;margin-bottom: 0px !important;margin-left: 0px !important;border-top-width: 0px !important;border-right-width: 0px !important;border-bottom-width: 0px !important;border-left-width: 0px !important;padding-top: 0px !important;padding-right: 0px !important;padding-bottom: 0px !important;padding-left: 0px !important;}&#8220;][\/vc_column][\/vc_row][vc_row type=&#8220;vc_default&#8220; bg_type=&#8220;bg_color&#8220; bg_color_value=&#8220;#ffffff&#8220; css=&#8220;.vc_custom_1561647178390{margin-top: 0px !important;padding-top: 20px !important;padding-right: 20px !important;padding-bottom: 20px !important;padding-left: 20px !important;}&#8220; anchor=&#8220;kontakt&#8220;][vc_column][vc_column_text css=&#8220;.vc_custom_1569938321855{padding-top: 50px !important;}&#8220;]<\/p>\n<h1 style=\"text-align: center;\">Kontakt \/ Impressum<\/h1>\n<p>[\/vc_column_text][\/vc_column][\/vc_row][vc_row type=&#8220;vc_default&#8220; bg_type=&#8220;bg_color&#8220; bg_color_value=&#8220;#ffffff&#8220; css=&#8220;.vc_custom_1561647178390{margin-top: 0px !important;padding-top: 20px !important;padding-right: 20px !important;padding-bottom: 20px !important;padding-left: 20px !important;}&#8220; anchor=&#8220;kontakt&#8220;][vc_column width=&#8220;1\/2&#8243;][vc_column_text]<\/p>\n<p style=\"text-align: left;\">HGB mbH<br \/>\nM\u00fchlenstr. 13a<br \/>\n14532 Stahnsdorf<\/p>\n<p style=\"text-align: left;\"><span class=\"Apple-converted-space\">Vertreten durch den Gesch\u00e4ftsf\u00fchrer Michael Kobe<\/span><\/p>\n<p style=\"text-align: left;\">Telefon: 03329 \/ 69073-90<br \/>\nTelefax: 03329 \/ 69073-96<br \/>\nEmail: service@hgb-mbh.de<\/p>\n<p>Eintragung im Handelsregister.<br \/>\nRegistergericht:Potsdam<br \/>\nRegisternummer: HRB 5206<\/p>\n<p>UmsatzsteuerIdentifikationsnummer gem\u00e4\u00df \u00a727 a Umsatzsteuergesetz:<br \/>\n046 110 04597<\/p>\n<p>Berufsbezeichnung: Geb\u00e4udereinigung<br \/>\nZust\u00e4ndige Kammer: Handwerkskammer Potsdam<br \/>\nVerliehen durch: Deutschland[\/vc_column_text][\/vc_column][vc_column width=&#8220;1\/2&#8243;][vc_column_text]Angaben zur Berufshaftpflichtversicherung:<\/p>\n<p>Name und Sitz des Versicherers:<br \/>\nERGO Versicherung AG<br \/>\nVictoriaplatz 1<br \/>\n40198 D\u00fcsseldorf<\/p>\n<p>Geltungsraum der Versicherung: BRD<\/p>\n<p>Die Europ\u00e4ische Kommission stellt eine Plattform zur OnlineStreitbeilegung (OS) bereit:\u00a0<a href=\"http:\/\/ec.europa.eu\/consumers\/odr\">http:\/\/ec.europa.eu\/consumers\/odr<\/a><br \/>\nUnsere E-Mail-Adresse finden Sie oben im Impressum.<\/p>\n<p>&nbsp;<\/p>\n<p>Wir sind nicht bereit oder verpflichtet, an Streitbeilegungsverfahren vor einer Verbraucherschlichtungsstelle teilzunehmen.[\/vc_column_text][vc_column_text]<\/p>\n<p style=\"text-align: left;\"><a href=\"https:\/\/hgb-mbh.de\/?page_id=462\" rel=\"noopener noreferrer\">Datenschutzerkl\u00e4rung<\/a><\/p>\n<h4 style=\"text-align: center;\"><\/h4>\n<p>[\/vc_column_text][\/vc_column][\/vc_row][vc_row type=&#8220;vc_default&#8220; full_width=&#8220;stretch_row&#8220; bg_type=&#8220;bg_color&#8220; bg_color_value=&#8220;#ffffff&#8220; css=&#8220;.vc_custom_1490876403824{margin-bottom: 50px !important;}&#8220;][vc_column][vc_column_text]<\/p>\n<p style=\"text-align: center;\">Die HGB GmbH erkl\u00e4rt sich bei rechtlichen Konflikten mit Verbrauchern (\u00a7 13 BGB) bereit, an Verbraucherschlichtungsverfahren nach dem Verbraucherstreitbeilegungsgesetz teilzunehmen.<\/p>\n<p style=\"text-align: center;\">Die f\u00fcr die HGB GmbH zust\u00e4ndige Verbraucherschlichtungsstelle ist die\u00a0Universalschlichtungsstelle des Bundes am Zentrum f\u00fcr Schlichtung e.V.<br \/>\nStra\u00dfburger Stra\u00dfe 8, 77694 Kehl am Rhein<br \/>\nTelefon 07851 \/ 795 79 40<br \/>\nFax 07851 \/ 795 79 41<\/p>\n<p style=\"text-align: center;\">E-Mail: <a href=\"mailto:mail@verbraucher-schlichter.de\">mail@verbraucher-schlichter.de<\/a><br \/>\nWebseite: <a href=\"http:\/\/www.verbraucher-schlichter.de\/\">www.verbraucher-schlichter.de<\/a><\/p>\n<p>[\/vc_column_text][\/vc_column][\/vc_row][vc_row type=&#8220;vc_default&#8220; full_width=&#8220;stretch_row&#8220; bg_type=&#8220;bg_color&#8220; bg_color_value=&#8220;#ffffff&#8220; css=&#8220;.vc_custom_1490876403824{margin-bottom: 50px !important;}&#8220;][vc_column][vc_column_text]<\/p>\n<p style=\"text-align: center;\"><a class=\"ftl-tooltip-title\" title=\"Sehen Sie weitere Bilder von diesem Anbieter\" href=\"https:\/\/de.fotolia.com\/p\/201180683\">\u00a0<\/a><\/p>\n<p style=\"text-align: center;\"><strong>Umsetzung\u00a0<\/strong><br \/>\nKREUZINGER\/\/VISUELLE KOMMUNIKATION<br \/>\n<a href=\"http:\/\/www.agentur-kreuzinger.com\" target=\"_blank\" rel=\"noopener noreferrer\">www.agentur-kreuzinger.com<\/a><\/p>\n<p>[\/vc_column_text][\/vc_column][\/vc_row][vc_row type=&#8220;vc_default&#8220; full_width=&#8220;stretch_row&#8220; css=&#8220;.vc_custom_1570709786274{padding-top: 50px !important;padding-bottom: 50px !important;background-color: #fc8f01 !important;}&#8220;][vc_column][vc_column_text]<\/p>\n<h3 style=\"text-align: center;\"><\/h3>\n<h3 style=\"text-align: center;\"><\/h3>\n<h3 style=\"text-align: center;\"><span style=\"color: #ffffff;\">copyright 2019 HGB mbH<\/span><\/h3>\n<p>[\/vc_column_text][\/vc_column][\/vc_row]<\/p>\n","protected":false},"excerpt":{"rendered":"<p>[vc_row full_width=&#8220;stretch_row&#8220; full_width_row=&#8220;true&#8220; bg_type=&#8220;bg_color&#8220; bg_color_value=&#8220;#ffffff&#8220; anchor=&#8220;unternehmen&#8220; css=&#8220;.vc_custom_1569938077017{margin-top: 0px !important;background-color: #ffffff !important;}&#8220;][vc_column][vc_empty_space height=&#8220;1&#8243;][\/vc_column][\/vc_row][vc_row full_width=&#8220;stretch_row&#8220; full_width_row=&#8220;true&#8220; bg_type=&#8220;bg_color&#8220; bg_color_value=&#8220;#ffffff&#8220; anchor=&#8220;marken&#8220; css=&#8220;.vc_custom_1506513333617{margin-top: 50px !important;background-color: #ffffff !important;}&#8220;][vc_column][vc_column_text] Das Unternehmen [\/vc_column_text][\/vc_column][\/vc_row][vc_row type=&#8220;vc_default&#8220; css=&#8220;.vc_custom_1561645412308{padding-bottom: 50px !important;}&#8220;][vc_column width=&#8220;1\/2&#8243;][vc_column_text]Die Haus- und Grundst\u00fccksbetreuungsgesellschaft mbH hat sich spezialisiert auf die umfassende Betreuung und Pflege von G\u00e4rten und Gr\u00fcnanlagen. Diese Leistungen bieten wir nicht nur f\u00fcr private&hellip;<\/p>\n","protected":false},"author":1,"featured_media":0,"parent":0,"menu_order":0,"comment_status":"closed","ping_status":"open","template":"","meta":[],"_links":{"self":[{"href":"https:\/\/hgb-mbh.de\/index.php?rest_route=\/wp\/v2\/pages\/55"}],"collection":[{"href":"https:\/\/hgb-mbh.de\/index.php?rest_route=\/wp\/v2\/pages"}],"about":[{"href":"https:\/\/hgb-mbh.de\/index.php?rest_route=\/wp\/v2\/types\/page"}],"author":[{"embeddable":true,"href":"https:\/\/hgb-mbh.de\/index.php?rest_route=\/wp\/v2\/users\/1"}],"replies":[{"embeddable":true,"href":"https:\/\/hgb-mbh.de\/index.php?rest_route=%2Fwp%2Fv2%2Fcomments&post=55"}],"version-history":[{"count":11,"href":"https:\/\/hgb-mbh.de\/index.php?rest_route=\/wp\/v2\/pages\/55\/revisions"}],"predecessor-version":[{"id":579,"href":"https:\/\/hgb-mbh.de\/index.php?rest_route=\/wp\/v2\/pages\/55\/revisions\/579"}],"wp:attachment":[{"href":"https:\/\/hgb-mbh.de\/index.php?rest_route=%2Fwp%2Fv2%2Fmedia&parent=55"}],"curies":[{"name":"wp","href":"https:\/\/api.w.org\/{rel}","templated":true}]}}